{"id":3040,"date":"2023-10-24T09:25:21","date_gmt":"2023-10-24T09:25:21","guid":{"rendered":"https:\/\/integral-advisory.cl\/?page_id=3040"},"modified":"2024-09-29T15:55:46","modified_gmt":"2024-09-29T15:55:46","slug":"politica-de-privacidad","status":"publish","type":"page","link":"https:\/\/integral-advisory.cl\/en\/politica-de-privacidad\/","title":{"rendered":"Privacy Policy"},"content":{"rendered":"<div data-elementor-type=\"wp-page\" data-elementor-id=\"3040\" class=\"elementor elementor-3040\" data-elementor-post-type=\"page\">\n\t\t\t\t<div class=\"elementor-element elementor-element-30df41f e-flex e-con-boxed e-con e-parent\" data-id=\"30df41f\" data-element_type=\"container\">\n\t\t\t\t\t<div class=\"e-con-inner\">\n\t\t\t\t<div class=\"elementor-element elementor-element-fbdf698 elementor-widget elementor-widget-heading\" data-id=\"fbdf698\" data-element_type=\"widget\" data-widget_type=\"heading.default\">\n\t\t\t\t<div class=\"elementor-widget-container\">\n\t\t\t\t\t<h2 class=\"elementor-heading-title elementor-size-default\">Privacy Policy\n<\/h2>\t\t\t\t<\/div>\n\t\t\t\t<\/div>\n\t\t\t\t\t<\/div>\n\t\t\t\t<\/div>\n\t\t<div class=\"elementor-element elementor-element-39c2a17 e-flex e-con-boxed e-con e-parent\" data-id=\"39c2a17\" data-element_type=\"container\">\n\t\t\t\t\t<div class=\"e-con-inner\">\n\t\t\t\t<div class=\"elementor-element elementor-element-48fc49d elementor-widget elementor-widget-text-editor\" data-id=\"48fc49d\" data-element_type=\"widget\" data-widget_type=\"text-editor.default\">\n\t\t\t\t<div class=\"elementor-widget-container\">\n\t\t\t\t\t\t\t\t\t<p><span style=\"font-weight: 400;\">Integral Advisory, we are committed to protecting the privacy and personal data of our users. This privacy policy describes how we collect, use and protect the personal information of users who visit our website.<\/span><\/p>\t\t\t\t\t\t\t\t<\/div>\n\t\t\t\t<\/div>\n\t\t\t\t\t<\/div>\n\t\t\t\t<\/div>\n\t\t<div class=\"elementor-element elementor-element-f5203b7 e-flex e-con-boxed e-con e-parent\" data-id=\"f5203b7\" data-element_type=\"container\">\n\t\t\t\t\t<div class=\"e-con-inner\">\n\t\t\t\t<div class=\"elementor-element elementor-element-88eb5f4 elementor-widget elementor-widget-text-editor\" data-id=\"88eb5f4\" data-element_type=\"widget\" data-widget_type=\"text-editor.default\">\n\t\t\t\t<div class=\"elementor-widget-container\">\n\t\t\t\t\t\t\t\t\t<ol><li><b> Information we collect<\/b><\/li><\/ol><p><span style=\"font-weight: 400;\">We collect personal information from users when they register on our website, request information or services, or communicate with us. The information we collect may include: First and last name, Email address and\/or Telephone number.<\/span><\/p>\t\t\t\t\t\t\t\t<\/div>\n\t\t\t\t<\/div>\n\t\t\t\t\t<\/div>\n\t\t\t\t<\/div>\n\t\t<div class=\"elementor-element elementor-element-7c15b0a e-flex e-con-boxed e-con e-parent\" data-id=\"7c15b0a\" data-element_type=\"container\">\n\t\t\t\t\t<div class=\"e-con-inner\">\n\t\t\t\t<div class=\"elementor-element elementor-element-99aec49 elementor-widget elementor-widget-text-editor\" data-id=\"99aec49\" data-element_type=\"widget\" data-widget_type=\"text-editor.default\">\n\t\t\t\t<div class=\"elementor-widget-container\">\n\t\t\t\t\t\t\t\t\t<ol start=\"2\"><li><b> Use of information<\/b><\/li><\/ol><p><span style=\"font-weight: 400;\">We use users' personal information for the following purposes:<\/span><\/p><ul><li><span style=\"font-style: inherit; text-align: var(--text-align);\">Provide and personalize our services<\/span><\/li><li><span style=\"font-style: inherit; text-align: var(--text-align); font-weight: inherit;\">Respond to requests, queries or suggestions<\/span><\/li><li><span style=\"font-style: inherit; text-align: var(--text-align);\">Manage our website<\/span><\/li><li><span style=\"font-style: inherit; text-align: var(--text-align);\">Send information about our services\u00a0<\/span><\/li><\/ul>\t\t\t\t\t\t\t\t<\/div>\n\t\t\t\t<\/div>\n\t\t\t\t\t<\/div>\n\t\t\t\t<\/div>\n\t\t<div class=\"elementor-element elementor-element-14998c4 e-flex e-con-boxed e-con e-parent\" data-id=\"14998c4\" data-element_type=\"container\">\n\t\t\t\t\t<div class=\"e-con-inner\">\n\t\t\t\t<div class=\"elementor-element elementor-element-d7aef28 elementor-widget elementor-widget-text-editor\" data-id=\"d7aef28\" data-element_type=\"widget\" data-widget_type=\"text-editor.default\">\n\t\t\t\t<div class=\"elementor-widget-container\">\n\t\t\t\t\t\t\t\t\t<ol start=\"3\"><li><b> Information protection<\/b><\/li><\/ol><p><span style=\"font-weight: 400;\">We are committed to protecting users' personal information and use security measures to prevent unauthorized access, disclosure or modification of personal information.<\/span><\/p>\t\t\t\t\t\t\t\t<\/div>\n\t\t\t\t<\/div>\n\t\t\t\t\t<\/div>\n\t\t\t\t<\/div>\n\t\t<div class=\"elementor-element elementor-element-e9c3794 e-flex e-con-boxed e-con e-parent\" data-id=\"e9c3794\" data-element_type=\"container\">\n\t\t\t\t\t<div class=\"e-con-inner\">\n\t\t\t\t<div class=\"elementor-element elementor-element-e154271 elementor-widget elementor-widget-text-editor\" data-id=\"e154271\" data-element_type=\"widget\" data-widget_type=\"text-editor.default\">\n\t\t\t\t<div class=\"elementor-widget-container\">\n\t\t\t\t\t\t\t\t\t<ol start=\"4\"><li><b> Share the information<\/b><\/li><\/ol><p><span style=\"font-weight: 400;\">We do not share users' personal information with third parties, except in the following cases:<\/span><\/p><ul><li><span style=\"font-weight: 400;\">When necessary to provide the services requested by the user<\/span><\/li><li><span style=\"font-weight: 400;\">When required by law or court order<\/span><\/li><li><span style=\"font-style: inherit; text-align: var(--text-align);\">When necessary to protect our rights or property<\/span><\/li><\/ul>\t\t\t\t\t\t\t\t<\/div>\n\t\t\t\t<\/div>\n\t\t\t\t\t<\/div>\n\t\t\t\t<\/div>\n\t\t<div class=\"elementor-element elementor-element-640422b e-flex e-con-boxed e-con e-parent\" data-id=\"640422b\" data-element_type=\"container\">\n\t\t\t\t\t<div class=\"e-con-inner\">\n\t\t\t\t<div class=\"elementor-element elementor-element-a236f0f elementor-widget elementor-widget-text-editor\" data-id=\"a236f0f\" data-element_type=\"widget\" data-widget_type=\"text-editor.default\">\n\t\t\t\t<div class=\"elementor-widget-container\">\n\t\t\t\t\t\t\t\t\t<ol start=\"5\"><li><b> Links to other websites<\/b><\/li><\/ol><p><span style=\"font-weight: 400;\">Our website may contain links to other third party websites. We are not responsible for the privacy practices or the content of such websites. We recommend that you read the privacy policies of all websites not related to ours before accepting their terms or using them.<\/span><\/p>\t\t\t\t\t\t\t\t<\/div>\n\t\t\t\t<\/div>\n\t\t\t\t\t<\/div>\n\t\t\t\t<\/div>\n\t\t<div class=\"elementor-element elementor-element-ab448bf e-flex e-con-boxed e-con e-parent\" data-id=\"ab448bf\" data-element_type=\"container\">\n\t\t\t\t\t<div class=\"e-con-inner\">\n\t\t\t\t<div class=\"elementor-element elementor-element-37f492f elementor-widget elementor-widget-text-editor\" data-id=\"37f492f\" data-element_type=\"widget\" data-widget_type=\"text-editor.default\">\n\t\t\t\t<div class=\"elementor-widget-container\">\n\t\t\t\t\t\t\t\t\t<ol start=\"6\"><li><b> Changes to the privacy policy<\/b><\/li><\/ol><p><span style=\"font-weight: 400;\">We reserve the right to modify this privacy policy at any time without prior notice. We recommend that you review this privacy policy regularly to be aware of any changes.<\/span><\/p>\t\t\t\t\t\t\t\t<\/div>\n\t\t\t\t<\/div>\n\t\t\t\t\t<\/div>\n\t\t\t\t<\/div>\n\t\t<div class=\"elementor-element elementor-element-5564325 e-flex e-con-boxed e-con e-parent\" data-id=\"5564325\" data-element_type=\"container\">\n\t\t\t\t\t<div class=\"e-con-inner\">\n\t\t\t\t<div class=\"elementor-element elementor-element-6683900 elementor-widget elementor-widget-text-editor\" data-id=\"6683900\" data-element_type=\"widget\" data-widget_type=\"text-editor.default\">\n\t\t\t\t<div class=\"elementor-widget-container\">\n\t\t\t\t\t\t\t\t\t<p><span style=\"font-weight: 400;\">If you have any questions or comments about our privacy policy, please contact us at <\/span><a href=\"mailto:contacto@integral-advisory.cl\"><span style=\"font-weight: 400;\">contacto@integral-advisory.cl<\/span><\/a><span style=\"font-weight: 400;\">\u00a0<\/span><\/p>\t\t\t\t\t\t\t\t<\/div>\n\t\t\t\t<\/div>\n\t\t\t\t\t<\/div>\n\t\t\t\t<\/div>\n\t\t<div class=\"elementor-element elementor-element-6cf9c98 e-flex e-con-boxed e-con e-parent\" data-id=\"6cf9c98\" data-element_type=\"container\">\n\t\t\t\t\t<div class=\"e-con-inner\">\n\t\t\t\t<div class=\"elementor-element elementor-element-cf9ed98 elementor-align-left elementor-widget elementor-widget-button\" data-id=\"cf9ed98\" data-element_type=\"widget\" data-widget_type=\"button.default\">\n\t\t\t\t<div class=\"elementor-widget-container\">\n\t\t\t\t\t\t\t\t\t<div class=\"elementor-button-wrapper\">\n\t\t\t\t\t<a class=\"elementor-button elementor-button-link elementor-size-sm elementor-animation-grow\" href=\"https:\/\/integral-advisory.cl\/en\/\">\n\t\t\t\t\t\t<span class=\"elementor-button-content-wrapper\">\n\t\t\t\t\t\t<span class=\"elementor-button-icon\">\n\t\t\t\t\t\t\t<\/span>\n\t\t\t\t\t\t\t\t\t<span class=\"elementor-button-text\">Inicio<\/span>\n\t\t\t\t\t<\/span>\n\t\t\t\t\t<\/a>\n\t\t\t\t<\/div>\n\t\t\t\t\t\t\t\t<\/div>\n\t\t\t\t<\/div>\n\t\t\t\t\t<\/div>\n\t\t\t\t<\/div>\n\t\t\t\t<\/div>","protected":false},"excerpt":{"rendered":"<p>Pol\u00edtica de Privacidad En Integral Advisory, nos comprometemos a proteger la privacidad y los datos personales de nuestros usuarios. Esta pol\u00edtica de privacidad describe c\u00f3mo recopilamos, utilizamos y protegemos la informaci\u00f3n personal de los usuarios que visitan nuestro sitio web. Informaci\u00f3n que recopilamos Recopilamos informaci\u00f3n personal de los usuarios cuando se registran en nuestro sitio [&hellip;]<\/p>","protected":false},"author":1,"featured_media":0,"parent":0,"menu_order":0,"comment_status":"closed","ping_status":"closed","template":"elementor_canvas","meta":{"site-sidebar-layout":"no-sidebar","site-content-layout":"","ast-site-content-layout":"full-width-container","site-content-style":"default","site-sidebar-style":"default","ast-global-header-display":"","ast-banner-title-visibility":"","ast-main-header-display":"","ast-hfb-above-header-display":"","ast-hfb-below-header-display":"","ast-hfb-mobile-header-display":"","site-post-title":"disabled","ast-breadcrumbs-content":"","ast-featured-img":"disabled","footer-sml-layout":"","theme-transparent-header-meta":"","adv-header-id-meta":"","stick-header-meta":"","header-above-stick-meta":"","header-main-stick-meta":"","header-below-stick-meta":"","astra-migrate-meta-layouts":"default","ast-page-background-enabled":"default","ast-page-background-meta":{"desktop":{"background-color":"var(--ast-global-color-4)","background-image":"","background-repeat":"repeat","background-position":"center center","background-size":"auto","background-attachment":"scroll","background-type":"","background-media":"","overlay-type":"","overlay-color":"","overlay-opacity":"","overlay-gradient":""},"tablet":{"background-color":"","background-image":"","background-repeat":"repeat","background-position":"center center","background-size":"auto","background-attachment":"scroll","background-type":"","background-media":"","overlay-type":"","overlay-color":"","overlay-opacity":"","overlay-gradient":""},"mobile":{"background-color":"","background-image":"","background-repeat":"repeat","background-position":"center center","background-size":"auto","background-attachment":"scroll","background-type":"","background-media":"","overlay-type":"","overlay-color":"","overlay-opacity":"","overlay-gradient":""}},"ast-content-background-meta":{"desktop":{"background-color":"var(--ast-global-color-5)","background-image":"","background-repeat":"repeat","background-position":"center center","background-size":"auto","background-attachment":"scroll","background-type":"","background-media":"","overlay-type":"","overlay-color":"","overlay-opacity":"","overlay-gradient":""},"tablet":{"background-color":"var(--ast-global-color-5)","background-image":"","background-repeat":"repeat","background-position":"center center","background-size":"auto","background-attachment":"scroll","background-type":"","background-media":"","overlay-type":"","overlay-color":"","overlay-opacity":"","overlay-gradient":""},"mobile":{"background-color":"var(--ast-global-color-5)","background-image":"","background-repeat":"repeat","background-position":"center center","background-size":"auto","background-attachment":"scroll","background-type":"","background-media":"","overlay-type":"","overlay-color":"","overlay-opacity":"","overlay-gradient":""}},"footnotes":""},"class_list":["post-3040","page","type-page","status-publish","hentry"],"_links":{"self":[{"href":"https:\/\/integral-advisory.cl\/en\/wp-json\/wp\/v2\/pages\/3040","targetHints":{"allow":["GET"]}}],"collection":[{"href":"https:\/\/integral-advisory.cl\/en\/wp-json\/wp\/v2\/pages"}],"about":[{"href":"https:\/\/integral-advisory.cl\/en\/wp-json\/wp\/v2\/types\/page"}],"author":[{"embeddable":true,"href":"https:\/\/integral-advisory.cl\/en\/wp-json\/wp\/v2\/users\/1"}],"replies":[{"embeddable":true,"href":"https:\/\/integral-advisory.cl\/en\/wp-json\/wp\/v2\/comments?post=3040"}],"version-history":[{"count":28,"href":"https:\/\/integral-advisory.cl\/en\/wp-json\/wp\/v2\/pages\/3040\/revisions"}],"predecessor-version":[{"id":6553,"href":"https:\/\/integral-advisory.cl\/en\/wp-json\/wp\/v2\/pages\/3040\/revisions\/6553"}],"wp:attachment":[{"href":"https:\/\/integral-advisory.cl\/en\/wp-json\/wp\/v2\/media?parent=3040"}],"curies":[{"name":"wp","href":"https:\/\/api.w.org\/{rel}","templated":true}]}}